{"id":298,"date":"2025-04-18T11:43:02","date_gmt":"2025-04-18T11:43:02","guid":{"rendered":"https:\/\/myinspire.ch\/?page_id=298"},"modified":"2025-04-18T12:00:59","modified_gmt":"2025-04-18T12:00:59","slug":"humor-als-lebenselixier","status":"publish","type":"page","link":"https:\/\/myinspire.ch\/?page_id=298","title":{"rendered":"Humor &#8211; das Lebenselixier"},"content":{"rendered":"\n<figure class=\"wp-block-image size-large\" id=\"www.myinspire.ch\"><a href=\"https:\/\/myinspire.ch\/?page_id=298\" target=\"_blank\" rel=\" noreferrer noopener\"><img loading=\"lazy\" decoding=\"async\" width=\"1024\" height=\"1024\" src=\"https:\/\/myinspire.ch\/wp-content\/uploads\/2025\/04\/Humor_als_Lebenselixier-1-1024x1024.jpg\" alt=\"\" class=\"wp-image-300\" title=\"Bild zu Humor - als Lebenselixier\" srcset=\"https:\/\/myinspire.ch\/wp-content\/uploads\/2025\/04\/Humor_als_Lebenselixier-1-1024x1024.jpg 1024w, https:\/\/myinspire.ch\/wp-content\/uploads\/2025\/04\/Humor_als_Lebenselixier-1-300x300.jpg 300w, https:\/\/myinspire.ch\/wp-content\/uploads\/2025\/04\/Humor_als_Lebenselixier-1-150x150.jpg 150w, https:\/\/myinspire.ch\/wp-content\/uploads\/2025\/04\/Humor_als_Lebenselixier-1-768x768.jpg 768w, https:\/\/myinspire.ch\/wp-content\/uploads\/2025\/04\/Humor_als_Lebenselixier-1-1536x1536.jpg 1536w, https:\/\/myinspire.ch\/wp-content\/uploads\/2025\/04\/Humor_als_Lebenselixier-1-2048x2048.jpg 2048w\" sizes=\"auto, (max-width: 1024px) 100vw, 1024px\" \/><\/a><\/figure>\n\n\n\n<p>Das Leben ist manchmal wie eine wilde Achterbahnfahrt \u2013 ungebremst, unberechenbar, unvorhersehbar und nicht immer bequem.<\/p>\n\n\n\n<p>Besonders dann, wenn das Schicksal zuschl\u00e4gt, Diagnosen unser Innerstes ersch\u00fcttern oder das Leben scheinbar absichtlich kleine Missgeschicke streut, wenn wir sowieso schon am Limit sind.<\/p>\n\n\n\n<p>In solchen Momenten stehen wir vor der Entscheidung: Lassen wir uns davon aus der Bahn werfen \u2013 oder finden wir unseren eigenen Weg, damit umzugehen?<\/p>\n\n\n\n<p>Bei den grossen Ersch\u00fctterungen bleiben oft vorerst nur Stille und das tiefe Durchatmen.<\/p>\n\n\n\n<p>Bei den kleinen Alltagsdramen \u2013 wie versch\u00fcttetem Kaffee auf frisch angezogener Kleidung, kurz bevor wir losm\u00fcssen \u2013 kochen die Emotionen meist sofort hoch.<\/p>\n\n\n\n<p>Und dennoch, fr\u00fcher oder sp\u00e4ter erkennen wir eine Wahrheit, die bleibt: Wir d\u00fcrfen weiterleben.<\/p>\n\n\n\n<p>Ernst sein kann jeder. Schwarz sehen auch. Liegenbleiben sowieso.<\/p>\n\n\n\n<p>Aber wer es schafft, seinen Humor nicht zu verlieren, selbst wenn das Herz schwer ist, sch\u00f6pft neue Kraft. Wer Schwere und Mutlosigkeit mit Humor begegnen kann, ist gut ger\u00fcstet. Und wer es fertigbringt, auch \u00fcber sich selbst zu lachen, z\u00fcndet ein Feuerwerk im Dunkeln.<\/p>\n\n\n\n<p><strong>EPILOG<\/strong><\/p>\n\n\n\n<p>Manchmal liegt die wahre St\u00e4rke nicht darin, unersch\u00fctterlich bleiben zu wollen \u2013 sondern darin, mitten im Chaos ein L\u00e4cheln zu finden.<br><br>Den Humor zu behalten ist die Entscheidung, sich nicht komplett allem Schweren hinzugeben. Und gerade dann, wenn es am schwierigsten ist, k\u00f6nnen wir vielleicht mit einem Lacher uns selbst oder einem Mitmenschen den Weg ein bisschen erleichtern.<\/p>\n\n\n\n<p><strong>Herzlich, deine Issy Storm<\/strong><\/p>\n\n\n\n<p><a href=\"https:\/\/myinspire.ch\/?page_id=260\">\u00dcber mich<\/a><\/p>\n","protected":false},"excerpt":{"rendered":"<p>Das Leben ist manchmal wie eine wilde Achterbahnfahrt \u2013 ungebremst, unberechenbar, unvorhersehbar und nicht immer bequem. Besonders dann, wenn das Schicksal zuschl\u00e4gt, Diagnosen unser Innerstes&#8230;<\/p>\n<div class=\"more-link-wrapper\"><a class=\"more-link\" href=\"https:\/\/myinspire.ch\/?page_id=298\">Weiterlesen<span class=\"screen-reader-text\">Humor &#8211; das Lebenselixier<\/span><\/a><\/div>\n","protected":false},"author":1,"featured_media":0,"parent":0,"menu_order":0,"comment_status":"closed","ping_status":"closed","template":"","meta":{"iawp_total_views":81,"footnotes":""},"class_list":["post-298","page","type-page","status-publish","hentry","entry"],"yoast_head":"<!-- This site is optimized with the Yoast SEO plugin v25.3 - https:\/\/yoast.com\/wordpress\/plugins\/seo\/ -->\n<title>Humor - das Lebenselixier - myinspire.ch<\/title>\n<meta name=\"description\" content=\"Lachen schenkt Kraft in schweren Zeiten. Warum Humor mehr ist als eine Flucht \u2013 und wie ein L\u00e4cheln den dunkelsten Moment erhellen kann.\" \/>\n<meta name=\"robots\" content=\"index, follow, max-snippet:-1, max-image-preview:large, max-video-preview:-1\" \/>\n<link rel=\"canonical\" href=\"https:\/\/myinspire.ch\/?page_id=298\" \/>\n<meta property=\"og:locale\" content=\"de_DE\" \/>\n<meta property=\"og:type\" content=\"article\" \/>\n<meta property=\"og:title\" content=\"Humor - das Lebenselixier - myinspire.ch\" \/>\n<meta property=\"og:url\" content=\"https:\/\/myinspire.ch\/?page_id=298\" \/>\n<meta property=\"og:site_name\" content=\"myinspire.ch\" \/>\n<meta property=\"article:modified_time\" content=\"2025-04-18T12:00:59+00:00\" \/>\n<meta property=\"og:image\" content=\"https:\/\/myinspire.ch\/wp-content\/uploads\/2025\/04\/Humor_als_Lebenselixier-1-scaled.jpg\" \/>\n\t<meta property=\"og:image:width\" content=\"2560\" \/>\n\t<meta property=\"og:image:height\" content=\"2560\" \/>\n\t<meta property=\"og:image:type\" content=\"image\/jpeg\" \/>\n<meta name=\"twitter:card\" content=\"summary_large_image\" \/>\n<meta name=\"twitter:label1\" content=\"Gesch\u00e4tzte Lesezeit\" \/>\n\t<meta name=\"twitter:data1\" content=\"2\u00a0Minuten\" \/>\n<script type=\"application\/ld+json\" class=\"yoast-schema-graph\">{\"@context\":\"https:\/\/schema.org\",\"@graph\":[{\"@type\":\"WebPage\",\"@id\":\"https:\/\/myinspire.ch\/?page_id=298\",\"url\":\"https:\/\/myinspire.ch\/?page_id=298\",\"name\":\"Humor - das Lebenselixier - myinspire.ch\",\"isPartOf\":{\"@id\":\"https:\/\/myinspire.ch\/#website\"},\"primaryImageOfPage\":{\"@id\":\"https:\/\/myinspire.ch\/?page_id=298#primaryimage\"},\"image\":{\"@id\":\"https:\/\/myinspire.ch\/?page_id=298#primaryimage\"},\"thumbnailUrl\":\"https:\/\/myinspire.ch\/wp-content\/uploads\/2025\/04\/Humor_als_Lebenselixier-1-1024x1024.jpg\",\"datePublished\":\"2025-04-18T11:43:02+00:00\",\"dateModified\":\"2025-04-18T12:00:59+00:00\",\"description\":\"Lachen schenkt Kraft in schweren Zeiten. Warum Humor mehr ist als eine Flucht \u2013 und wie ein L\u00e4cheln den dunkelsten Moment erhellen kann.\",\"breadcrumb\":{\"@id\":\"https:\/\/myinspire.ch\/?page_id=298#breadcrumb\"},\"inLanguage\":\"de\",\"potentialAction\":[{\"@type\":\"ReadAction\",\"target\":[\"https:\/\/myinspire.ch\/?page_id=298\"]}]},{\"@type\":\"ImageObject\",\"inLanguage\":\"de\",\"@id\":\"https:\/\/myinspire.ch\/?page_id=298#primaryimage\",\"url\":\"https:\/\/myinspire.ch\/wp-content\/uploads\/2025\/04\/Humor_als_Lebenselixier-1-scaled.jpg\",\"contentUrl\":\"https:\/\/myinspire.ch\/wp-content\/uploads\/2025\/04\/Humor_als_Lebenselixier-1-scaled.jpg\",\"width\":2560,\"height\":2560,\"caption\":\"Den Humor nicht verlieren auch wenn es manchmal schwer ist\"},{\"@type\":\"BreadcrumbList\",\"@id\":\"https:\/\/myinspire.ch\/?page_id=298#breadcrumb\",\"itemListElement\":[{\"@type\":\"ListItem\",\"position\":1,\"name\":\"Startseite\",\"item\":\"https:\/\/myinspire.ch\/\"},{\"@type\":\"ListItem\",\"position\":2,\"name\":\"Humor &#8211; das Lebenselixier\"}]},{\"@type\":\"WebSite\",\"@id\":\"https:\/\/myinspire.ch\/#website\",\"url\":\"https:\/\/myinspire.ch\/\",\"name\":\"myinspire.ch\",\"description\":\"Inspirierende Kurzgeschichten mit Illustrationen kombiniert\",\"publisher\":{\"@id\":\"https:\/\/myinspire.ch\/#organization\"},\"potentialAction\":[{\"@type\":\"SearchAction\",\"target\":{\"@type\":\"EntryPoint\",\"urlTemplate\":\"https:\/\/myinspire.ch\/?s={search_term_string}\"},\"query-input\":{\"@type\":\"PropertyValueSpecification\",\"valueRequired\":true,\"valueName\":\"search_term_string\"}}],\"inLanguage\":\"de\"},{\"@type\":\"Organization\",\"@id\":\"https:\/\/myinspire.ch\/#organization\",\"name\":\"myinspire.ch\",\"url\":\"https:\/\/myinspire.ch\/\",\"logo\":{\"@type\":\"ImageObject\",\"inLanguage\":\"de\",\"@id\":\"https:\/\/myinspire.ch\/#\/schema\/logo\/image\/\",\"url\":\"https:\/\/myinspire.ch\/wp-content\/uploads\/2025\/01\/myinspire.ch_-1.png\",\"contentUrl\":\"https:\/\/myinspire.ch\/wp-content\/uploads\/2025\/01\/myinspire.ch_-1.png\",\"width\":825,\"height\":825,\"caption\":\"myinspire.ch\"},\"image\":{\"@id\":\"https:\/\/myinspire.ch\/#\/schema\/logo\/image\/\"}}]}<\/script>\n<!-- \/ Yoast SEO plugin. -->","yoast_head_json":{"title":"Humor - das Lebenselixier - myinspire.ch","description":"Lachen schenkt Kraft in schweren Zeiten. Warum Humor mehr ist als eine Flucht \u2013 und wie ein L\u00e4cheln den dunkelsten Moment erhellen kann.","robots":{"index":"index","follow":"follow","max-snippet":"max-snippet:-1","max-image-preview":"max-image-preview:large","max-video-preview":"max-video-preview:-1"},"canonical":"https:\/\/myinspire.ch\/?page_id=298","og_locale":"de_DE","og_type":"article","og_title":"Humor - das Lebenselixier - myinspire.ch","og_url":"https:\/\/myinspire.ch\/?page_id=298","og_site_name":"myinspire.ch","article_modified_time":"2025-04-18T12:00:59+00:00","og_image":[{"width":2560,"height":2560,"url":"https:\/\/myinspire.ch\/wp-content\/uploads\/2025\/04\/Humor_als_Lebenselixier-1-scaled.jpg","type":"image\/jpeg"}],"twitter_card":"summary_large_image","twitter_misc":{"Gesch\u00e4tzte Lesezeit":"2\u00a0Minuten"},"schema":{"@context":"https:\/\/schema.org","@graph":[{"@type":"WebPage","@id":"https:\/\/myinspire.ch\/?page_id=298","url":"https:\/\/myinspire.ch\/?page_id=298","name":"Humor - das Lebenselixier - myinspire.ch","isPartOf":{"@id":"https:\/\/myinspire.ch\/#website"},"primaryImageOfPage":{"@id":"https:\/\/myinspire.ch\/?page_id=298#primaryimage"},"image":{"@id":"https:\/\/myinspire.ch\/?page_id=298#primaryimage"},"thumbnailUrl":"https:\/\/myinspire.ch\/wp-content\/uploads\/2025\/04\/Humor_als_Lebenselixier-1-1024x1024.jpg","datePublished":"2025-04-18T11:43:02+00:00","dateModified":"2025-04-18T12:00:59+00:00","description":"Lachen schenkt Kraft in schweren Zeiten. Warum Humor mehr ist als eine Flucht \u2013 und wie ein L\u00e4cheln den dunkelsten Moment erhellen kann.","breadcrumb":{"@id":"https:\/\/myinspire.ch\/?page_id=298#breadcrumb"},"inLanguage":"de","potentialAction":[{"@type":"ReadAction","target":["https:\/\/myinspire.ch\/?page_id=298"]}]},{"@type":"ImageObject","inLanguage":"de","@id":"https:\/\/myinspire.ch\/?page_id=298#primaryimage","url":"https:\/\/myinspire.ch\/wp-content\/uploads\/2025\/04\/Humor_als_Lebenselixier-1-scaled.jpg","contentUrl":"https:\/\/myinspire.ch\/wp-content\/uploads\/2025\/04\/Humor_als_Lebenselixier-1-scaled.jpg","width":2560,"height":2560,"caption":"Den Humor nicht verlieren auch wenn es manchmal schwer ist"},{"@type":"BreadcrumbList","@id":"https:\/\/myinspire.ch\/?page_id=298#breadcrumb","itemListElement":[{"@type":"ListItem","position":1,"name":"Startseite","item":"https:\/\/myinspire.ch\/"},{"@type":"ListItem","position":2,"name":"Humor &#8211; das Lebenselixier"}]},{"@type":"WebSite","@id":"https:\/\/myinspire.ch\/#website","url":"https:\/\/myinspire.ch\/","name":"myinspire.ch","description":"Inspirierende Kurzgeschichten mit Illustrationen kombiniert","publisher":{"@id":"https:\/\/myinspire.ch\/#organization"},"potentialAction":[{"@type":"SearchAction","target":{"@type":"EntryPoint","urlTemplate":"https:\/\/myinspire.ch\/?s={search_term_string}"},"query-input":{"@type":"PropertyValueSpecification","valueRequired":true,"valueName":"search_term_string"}}],"inLanguage":"de"},{"@type":"Organization","@id":"https:\/\/myinspire.ch\/#organization","name":"myinspire.ch","url":"https:\/\/myinspire.ch\/","logo":{"@type":"ImageObject","inLanguage":"de","@id":"https:\/\/myinspire.ch\/#\/schema\/logo\/image\/","url":"https:\/\/myinspire.ch\/wp-content\/uploads\/2025\/01\/myinspire.ch_-1.png","contentUrl":"https:\/\/myinspire.ch\/wp-content\/uploads\/2025\/01\/myinspire.ch_-1.png","width":825,"height":825,"caption":"myinspire.ch"},"image":{"@id":"https:\/\/myinspire.ch\/#\/schema\/logo\/image\/"}}]}},"_links":{"self":[{"href":"https:\/\/myinspire.ch\/index.php?rest_route=\/wp\/v2\/pages\/298","targetHints":{"allow":["GET"]}}],"collection":[{"href":"https:\/\/myinspire.ch\/index.php?rest_route=\/wp\/v2\/pages"}],"about":[{"href":"https:\/\/myinspire.ch\/index.php?rest_route=\/wp\/v2\/types\/page"}],"author":[{"embeddable":true,"href":"https:\/\/myinspire.ch\/index.php?rest_route=\/wp\/v2\/users\/1"}],"replies":[{"embeddable":true,"href":"https:\/\/myinspire.ch\/index.php?rest_route=%2Fwp%2Fv2%2Fcomments&post=298"}],"version-history":[{"count":6,"href":"https:\/\/myinspire.ch\/index.php?rest_route=\/wp\/v2\/pages\/298\/revisions"}],"predecessor-version":[{"id":318,"href":"https:\/\/myinspire.ch\/index.php?rest_route=\/wp\/v2\/pages\/298\/revisions\/318"}],"wp:attachment":[{"href":"https:\/\/myinspire.ch\/index.php?rest_route=%2Fwp%2Fv2%2Fmedia&parent=298"}],"curies":[{"name":"wp","href":"https:\/\/api.w.org\/{rel}","templated":true}]}}