{"id":260,"date":"2025-04-17T10:27:09","date_gmt":"2025-04-17T10:27:09","guid":{"rendered":"https:\/\/myinspire.ch\/?page_id=260"},"modified":"2025-04-21T08:01:29","modified_gmt":"2025-04-21T08:01:29","slug":"wer-ist-issy-storm","status":"publish","type":"page","link":"https:\/\/myinspire.ch\/?page_id=260","title":{"rendered":"\u00dcber mich"},"content":{"rendered":"\n<figure class=\"wp-block-gallery has-nested-images columns-default is-cropped wp-block-gallery-1 is-layout-flex wp-block-gallery-is-layout-flex\"><\/figure>\n\n\n\n<p>Ich bin, wer ich bin, weil ich durchs Wasser ging ohne zu ertrinken. Weil ich durchs Feuer ging ohne zu verbrennen. Weil ich Verluste \u00fcberlebte, ohne mich selbst aufzugeben.<\/p>\n\n\n\n<p>Ich liebe Klarheit, weil ich in L\u00fcgen unterging. Ich wurde stark, weil ich Zerbruch \u00fcberwunden habe.<\/p>\n\n\n\n<p>Ich bin frei, weil ich niemanden mehr \u00fcber meine W\u00fcrde bestimmen lasse.<\/p>\n\n\n\n<p>Meine Geschichte hat mich nicht gebrochen. Sie hat mich gebaut.<\/p>\n\n\n\n<p>Mein Herz schl\u00e4gt f\u00fcr das Echte. Mein Feuer brennt f\u00fcr das Licht.<\/p>\n\n\n\n<p>Und ich stehe \u2013 nicht trotz allem, sondern wegen allem.<\/p>\n\n\n\n<p><strong>Myriam alias Issy Storm<\/strong><\/p>\n\n\n\n<p><a href=\"https:\/\/myinspire.ch\/?page_id=208\"><mark style=\"background-color:rgba(0, 0, 0, 0)\" class=\"has-inline-color has-vivid-cyan-blue-color\">Meine Kurzgeschichte: Hope und die R\u00fcckkehr<\/mark><\/a><\/p>\n\n\n\n<p><\/p>\n","protected":false},"excerpt":{"rendered":"<p>Ich bin, wer ich bin, weil ich durchs Wasser ging ohne zu ertrinken. Weil ich durchs Feuer ging ohne zu verbrennen. Weil ich Verluste \u00fcberlebte,&#8230;<\/p>\n<div class=\"more-link-wrapper\"><a class=\"more-link\" href=\"https:\/\/myinspire.ch\/?page_id=260\">Weiterlesen<span class=\"screen-reader-text\">\u00dcber mich<\/span><\/a><\/div>\n","protected":false},"author":1,"featured_media":263,"parent":0,"menu_order":0,"comment_status":"closed","ping_status":"closed","template":"","meta":{"iawp_total_views":185,"footnotes":""},"class_list":["post-260","page","type-page","status-publish","has-post-thumbnail","hentry","entry"],"yoast_head":"<!-- This site is optimized with the Yoast SEO plugin v25.3 - https:\/\/yoast.com\/wordpress\/plugins\/seo\/ -->\n<title>\u00dcber mich - myinspire.ch<\/title>\n<meta name=\"description\" content=\"Issy Storm \u2013 Wer ich bin. Was mich geformt hat. Wof\u00fcr ich stehe.\" \/>\n<meta name=\"robots\" content=\"index, follow, max-snippet:-1, max-image-preview:large, max-video-preview:-1\" \/>\n<link rel=\"canonical\" href=\"https:\/\/myinspire.ch\/?page_id=260\" \/>\n<meta property=\"og:locale\" content=\"de_DE\" \/>\n<meta property=\"og:type\" content=\"article\" \/>\n<meta property=\"og:title\" content=\"\u00dcber mich - myinspire.ch\" \/>\n<meta property=\"og:url\" content=\"https:\/\/myinspire.ch\/?page_id=260\" \/>\n<meta property=\"og:site_name\" content=\"myinspire.ch\" \/>\n<meta property=\"article:modified_time\" content=\"2025-04-21T08:01:29+00:00\" \/>\n<meta property=\"og:image\" content=\"https:\/\/myinspire.ch\/wp-content\/uploads\/2025\/04\/IMG_9147.jpg\" \/>\n\t<meta property=\"og:image:width\" content=\"378\" \/>\n\t<meta property=\"og:image:height\" content=\"427\" \/>\n\t<meta property=\"og:image:type\" content=\"image\/jpeg\" \/>\n<meta name=\"twitter:card\" content=\"summary_large_image\" \/>\n<meta name=\"twitter:label1\" content=\"Gesch\u00e4tzte Lesezeit\" \/>\n\t<meta name=\"twitter:data1\" content=\"1\u00a0Minute\" \/>\n<script type=\"application\/ld+json\" class=\"yoast-schema-graph\">{\"@context\":\"https:\/\/schema.org\",\"@graph\":[{\"@type\":\"WebPage\",\"@id\":\"https:\/\/myinspire.ch\/?page_id=260\",\"url\":\"https:\/\/myinspire.ch\/?page_id=260\",\"name\":\"\u00dcber mich - myinspire.ch\",\"isPartOf\":{\"@id\":\"https:\/\/myinspire.ch\/#website\"},\"primaryImageOfPage\":{\"@id\":\"https:\/\/myinspire.ch\/?page_id=260#primaryimage\"},\"image\":{\"@id\":\"https:\/\/myinspire.ch\/?page_id=260#primaryimage\"},\"thumbnailUrl\":\"https:\/\/myinspire.ch\/wp-content\/uploads\/2025\/04\/IMG_9147.jpg\",\"datePublished\":\"2025-04-17T10:27:09+00:00\",\"dateModified\":\"2025-04-21T08:01:29+00:00\",\"description\":\"Issy Storm \u2013 Wer ich bin. Was mich geformt hat. Wof\u00fcr ich stehe.\",\"breadcrumb\":{\"@id\":\"https:\/\/myinspire.ch\/?page_id=260#breadcrumb\"},\"inLanguage\":\"de\",\"potentialAction\":[{\"@type\":\"ReadAction\",\"target\":[\"https:\/\/myinspire.ch\/?page_id=260\"]}]},{\"@type\":\"ImageObject\",\"inLanguage\":\"de\",\"@id\":\"https:\/\/myinspire.ch\/?page_id=260#primaryimage\",\"url\":\"https:\/\/myinspire.ch\/wp-content\/uploads\/2025\/04\/IMG_9147.jpg\",\"contentUrl\":\"https:\/\/myinspire.ch\/wp-content\/uploads\/2025\/04\/IMG_9147.jpg\",\"width\":378,\"height\":427,\"caption\":\"Wer ich bin\"},{\"@type\":\"BreadcrumbList\",\"@id\":\"https:\/\/myinspire.ch\/?page_id=260#breadcrumb\",\"itemListElement\":[{\"@type\":\"ListItem\",\"position\":1,\"name\":\"Startseite\",\"item\":\"https:\/\/myinspire.ch\/\"},{\"@type\":\"ListItem\",\"position\":2,\"name\":\"\u00dcber mich\"}]},{\"@type\":\"WebSite\",\"@id\":\"https:\/\/myinspire.ch\/#website\",\"url\":\"https:\/\/myinspire.ch\/\",\"name\":\"myinspire.ch\",\"description\":\"Inspirierende Kurzgeschichten mit Illustrationen kombiniert\",\"publisher\":{\"@id\":\"https:\/\/myinspire.ch\/#organization\"},\"potentialAction\":[{\"@type\":\"SearchAction\",\"target\":{\"@type\":\"EntryPoint\",\"urlTemplate\":\"https:\/\/myinspire.ch\/?s={search_term_string}\"},\"query-input\":{\"@type\":\"PropertyValueSpecification\",\"valueRequired\":true,\"valueName\":\"search_term_string\"}}],\"inLanguage\":\"de\"},{\"@type\":\"Organization\",\"@id\":\"https:\/\/myinspire.ch\/#organization\",\"name\":\"myinspire.ch\",\"url\":\"https:\/\/myinspire.ch\/\",\"logo\":{\"@type\":\"ImageObject\",\"inLanguage\":\"de\",\"@id\":\"https:\/\/myinspire.ch\/#\/schema\/logo\/image\/\",\"url\":\"https:\/\/myinspire.ch\/wp-content\/uploads\/2025\/01\/myinspire.ch_-1.png\",\"contentUrl\":\"https:\/\/myinspire.ch\/wp-content\/uploads\/2025\/01\/myinspire.ch_-1.png\",\"width\":825,\"height\":825,\"caption\":\"myinspire.ch\"},\"image\":{\"@id\":\"https:\/\/myinspire.ch\/#\/schema\/logo\/image\/\"}}]}<\/script>\n<!-- \/ Yoast SEO plugin. -->","yoast_head_json":{"title":"\u00dcber mich - myinspire.ch","description":"Issy Storm \u2013 Wer ich bin. Was mich geformt hat. Wof\u00fcr ich stehe.","robots":{"index":"index","follow":"follow","max-snippet":"max-snippet:-1","max-image-preview":"max-image-preview:large","max-video-preview":"max-video-preview:-1"},"canonical":"https:\/\/myinspire.ch\/?page_id=260","og_locale":"de_DE","og_type":"article","og_title":"\u00dcber mich - myinspire.ch","og_url":"https:\/\/myinspire.ch\/?page_id=260","og_site_name":"myinspire.ch","article_modified_time":"2025-04-21T08:01:29+00:00","og_image":[{"width":378,"height":427,"url":"https:\/\/myinspire.ch\/wp-content\/uploads\/2025\/04\/IMG_9147.jpg","type":"image\/jpeg"}],"twitter_card":"summary_large_image","twitter_misc":{"Gesch\u00e4tzte Lesezeit":"1\u00a0Minute"},"schema":{"@context":"https:\/\/schema.org","@graph":[{"@type":"WebPage","@id":"https:\/\/myinspire.ch\/?page_id=260","url":"https:\/\/myinspire.ch\/?page_id=260","name":"\u00dcber mich - myinspire.ch","isPartOf":{"@id":"https:\/\/myinspire.ch\/#website"},"primaryImageOfPage":{"@id":"https:\/\/myinspire.ch\/?page_id=260#primaryimage"},"image":{"@id":"https:\/\/myinspire.ch\/?page_id=260#primaryimage"},"thumbnailUrl":"https:\/\/myinspire.ch\/wp-content\/uploads\/2025\/04\/IMG_9147.jpg","datePublished":"2025-04-17T10:27:09+00:00","dateModified":"2025-04-21T08:01:29+00:00","description":"Issy Storm \u2013 Wer ich bin. Was mich geformt hat. Wof\u00fcr ich stehe.","breadcrumb":{"@id":"https:\/\/myinspire.ch\/?page_id=260#breadcrumb"},"inLanguage":"de","potentialAction":[{"@type":"ReadAction","target":["https:\/\/myinspire.ch\/?page_id=260"]}]},{"@type":"ImageObject","inLanguage":"de","@id":"https:\/\/myinspire.ch\/?page_id=260#primaryimage","url":"https:\/\/myinspire.ch\/wp-content\/uploads\/2025\/04\/IMG_9147.jpg","contentUrl":"https:\/\/myinspire.ch\/wp-content\/uploads\/2025\/04\/IMG_9147.jpg","width":378,"height":427,"caption":"Wer ich bin"},{"@type":"BreadcrumbList","@id":"https:\/\/myinspire.ch\/?page_id=260#breadcrumb","itemListElement":[{"@type":"ListItem","position":1,"name":"Startseite","item":"https:\/\/myinspire.ch\/"},{"@type":"ListItem","position":2,"name":"\u00dcber mich"}]},{"@type":"WebSite","@id":"https:\/\/myinspire.ch\/#website","url":"https:\/\/myinspire.ch\/","name":"myinspire.ch","description":"Inspirierende Kurzgeschichten mit Illustrationen kombiniert","publisher":{"@id":"https:\/\/myinspire.ch\/#organization"},"potentialAction":[{"@type":"SearchAction","target":{"@type":"EntryPoint","urlTemplate":"https:\/\/myinspire.ch\/?s={search_term_string}"},"query-input":{"@type":"PropertyValueSpecification","valueRequired":true,"valueName":"search_term_string"}}],"inLanguage":"de"},{"@type":"Organization","@id":"https:\/\/myinspire.ch\/#organization","name":"myinspire.ch","url":"https:\/\/myinspire.ch\/","logo":{"@type":"ImageObject","inLanguage":"de","@id":"https:\/\/myinspire.ch\/#\/schema\/logo\/image\/","url":"https:\/\/myinspire.ch\/wp-content\/uploads\/2025\/01\/myinspire.ch_-1.png","contentUrl":"https:\/\/myinspire.ch\/wp-content\/uploads\/2025\/01\/myinspire.ch_-1.png","width":825,"height":825,"caption":"myinspire.ch"},"image":{"@id":"https:\/\/myinspire.ch\/#\/schema\/logo\/image\/"}}]}},"_links":{"self":[{"href":"https:\/\/myinspire.ch\/index.php?rest_route=\/wp\/v2\/pages\/260","targetHints":{"allow":["GET"]}}],"collection":[{"href":"https:\/\/myinspire.ch\/index.php?rest_route=\/wp\/v2\/pages"}],"about":[{"href":"https:\/\/myinspire.ch\/index.php?rest_route=\/wp\/v2\/types\/page"}],"author":[{"embeddable":true,"href":"https:\/\/myinspire.ch\/index.php?rest_route=\/wp\/v2\/users\/1"}],"replies":[{"embeddable":true,"href":"https:\/\/myinspire.ch\/index.php?rest_route=%2Fwp%2Fv2%2Fcomments&post=260"}],"version-history":[{"count":7,"href":"https:\/\/myinspire.ch\/index.php?rest_route=\/wp\/v2\/pages\/260\/revisions"}],"predecessor-version":[{"id":323,"href":"https:\/\/myinspire.ch\/index.php?rest_route=\/wp\/v2\/pages\/260\/revisions\/323"}],"wp:featuredmedia":[{"embeddable":true,"href":"https:\/\/myinspire.ch\/index.php?rest_route=\/wp\/v2\/media\/263"}],"wp:attachment":[{"href":"https:\/\/myinspire.ch\/index.php?rest_route=%2Fwp%2Fv2%2Fmedia&parent=260"}],"curies":[{"name":"wp","href":"https:\/\/api.w.org\/{rel}","templated":true}]}}