{"id":208,"date":"2025-03-24T15:04:23","date_gmt":"2025-03-24T15:04:23","guid":{"rendered":"https:\/\/myinspire.ch\/?page_id=208"},"modified":"2025-03-24T16:17:12","modified_gmt":"2025-03-24T16:17:12","slug":"die-rueckkehr-wenn-du-fast-verloren-gehst-und-staerker-zurueckkommst","status":"publish","type":"page","link":"https:\/\/myinspire.ch\/?page_id=208","title":{"rendered":"Die R\u00fcckkehr"},"content":{"rendered":"\n<figure class=\"wp-block-gallery has-nested-images columns-default is-cropped wp-block-gallery-1 is-layout-flex wp-block-gallery-is-layout-flex\">\n<figure class=\"wp-block-image size-large\"><img loading=\"lazy\" decoding=\"async\" width=\"1024\" height=\"1024\" data-id=\"209\" src=\"https:\/\/myinspire.ch\/wp-content\/uploads\/2025\/03\/Hope-1024x1024.jpg\" alt=\"\" class=\"wp-image-209\" srcset=\"https:\/\/myinspire.ch\/wp-content\/uploads\/2025\/03\/Hope-1024x1024.jpg 1024w, https:\/\/myinspire.ch\/wp-content\/uploads\/2025\/03\/Hope-300x300.jpg 300w, https:\/\/myinspire.ch\/wp-content\/uploads\/2025\/03\/Hope-150x150.jpg 150w, https:\/\/myinspire.ch\/wp-content\/uploads\/2025\/03\/Hope-768x768.jpg 768w, https:\/\/myinspire.ch\/wp-content\/uploads\/2025\/03\/Hope-1536x1536.jpg 1536w, https:\/\/myinspire.ch\/wp-content\/uploads\/2025\/03\/Hope-2048x2048.jpg 2048w\" sizes=\"auto, (max-width: 1024px) 100vw, 1024px\" \/><\/figure>\n<\/figure>\n\n\n\n<p>Es gibt Menschen, die lieber oberfl\u00e4chlich leben \u2013 Tiefgang meiden. Und dann gibt es jene, die brennen: f\u00fcr Wahrheit, f\u00fcr Tiefe, f\u00fcr das Lebendige. Menschen, die durch Feuer gehen, fallen, aufstehen \u2013 und weitermachen, weil in ihnen etwas ruft, das lauter ist als jeder R\u00fcckschlag.<\/p>\n\n\n\n<p>Hope war eine von ihnen. Nie einfach nur nett. Nie angepasst. Nie die, die schwieg, wenn Unrecht geschah. Sie war die, die hinterfragte, analysierte, aufdeckte und reflektierte. Immer einen Schritt ausserhalb der Norm. Ausserhalb von \u201eMan sollte\u201c und \u201eDas tut man nicht\u201c. Gepr\u00e4gt von tiefen Erfahrungen.<\/p>\n\n\n\n<p>Sie bewegte sich in vielen Welten \u2013 Strategie, Business, Hochleistung oder roh, ungesch\u00f6nt und voller Kontraste. Hauptsache echt. Keine Show. Inspirierend. Lebendig.<\/p>\n\n\n\n<p>Doch mit der Zeit kroch M\u00fcll in ihr Leben. Pl\u00f6tzlich wollte sie es allen recht machen. Verbog sich, um zu gefallen. Und nach und nach verlor ihr Blick den Glanz.<\/p>\n\n\n\n<p>Niemand verliert sich von heute auf morgen \u2013 es passiert in kleinen St\u00fccken. Bei ihr waren es erst die Farben. Dann die S\u00e4tze. Dann die Musik. Am Ende beinahe die eigene Seele.<\/p>\n\n\n\n<p>Bis eine klare Ansage kam:&nbsp;<strong>\u201eJetzt reicht\u2019s.\u201c<\/strong><\/p>\n\n\n\n<p>Endlich schaute Hope hin. St\u00fcck f\u00fcr St\u00fcck kam sie zur\u00fcck. Ein langsamer, aber unaufhaltsamer Ausbruch aus der selbstgebauten Gefangenschaft. Sie erkannte: Wenn du lange genug verdr\u00e4ngst, erstarrst du \u2013 oder du schaust hin und brichst durch \u2013 genau das tat sie.<\/p>\n\n\n\n<p>Hope stand vor der Leinwand. Der Pinsel in ihrer Hand f\u00fchlte sich fremd an. Die Farben warteten \u2013 stumm und fordernd. Ein erster Strich. Dann noch einer. Das Chaos in ihr wurde zu Formen, Licht und Schatten, Farbexplosionen. Dann kamen Worte. Die ungesch\u00f6nten. Die ehrlichen. Die furchtlosen. Geschichten, die aus der Dunkelheit ins Licht tauchten.<\/p>\n\n\n\n<p>Zu guter Letzt kam die Musik. Sie setzte sich ins Auto, drehte auf. Eine Melodie, die wieder unter ihrer Haut vibrierte \u2013 mit der sie fr\u00fcher ihre Stimme trainierte. Endlich sang Hope wieder. Nicht leise. Nicht zaghaft. Sondern kraftvoll, roh, echt. Anfangs holprig, aber lebendig. Mit jedem Ton fiel ein St\u00fcck der L\u00e4hmung von ihr ab.<\/p>\n\n\n\n<p>Sie war wieder da. Mit mehr Kraft, mehr Wahrheit, mehr Leben als je zuvor.<\/p>\n\n\n\n<p>Hopes R\u00fcckkehr war vollst\u00e4ndig.<\/p>\n\n\n\n<p><strong>EPILOG<\/strong><\/p>\n\n\n\n<p>Manchmal musst du ganz untertauchen, um neu aufzutauchen.<br>Manchmal muss alles zerbrechen, damit das Wahre sichtbar wird.<br>Und manchmal ist genau dann, wenn du denkst, es sei das Ende, erst der Anfang.<\/p>\n\n\n\n<p>Herzlich, deine Issy Storm<\/p>\n\n\n\n<p><a href=\"http:\/\/www.myinspire.ch\"><mark style=\"background-color:rgba(0, 0, 0, 0)\" class=\"has-inline-color has-vivid-cyan-blue-color\">myinspire.ch<\/mark><\/a><\/p>\n","protected":false},"excerpt":{"rendered":"<p>Es gibt Menschen, die lieber oberfl\u00e4chlich leben \u2013 Tiefgang meiden. Und dann gibt es jene, die brennen: f\u00fcr Wahrheit, f\u00fcr Tiefe, f\u00fcr das Lebendige. Menschen,&#8230;<\/p>\n<div class=\"more-link-wrapper\"><a class=\"more-link\" href=\"https:\/\/myinspire.ch\/?page_id=208\">Weiterlesen<span class=\"screen-reader-text\">Die R\u00fcckkehr<\/span><\/a><\/div>\n","protected":false},"author":1,"featured_media":0,"parent":0,"menu_order":0,"comment_status":"closed","ping_status":"closed","template":"","meta":{"iawp_total_views":165,"footnotes":""},"class_list":["post-208","page","type-page","status-publish","hentry","entry"],"yoast_head":"<!-- This site is optimized with the Yoast SEO plugin v25.3 - https:\/\/yoast.com\/wordpress\/plugins\/seo\/ -->\n<title>Die R\u00fcckkehr - myinspire.ch<\/title>\n<meta name=\"description\" content=\"Diese Story erz\u00e4hlt von Hoffnung, Tiefe und der radikalen R\u00fcckkehr zu sich selbst. F\u00fcr alle, die schon mal fast untergegangen sind \u2013 und trotzdem wieder aufgestanden sind. Echt, roh, kraftvoll.\" \/>\n<meta name=\"robots\" content=\"index, follow, max-snippet:-1, max-image-preview:large, max-video-preview:-1\" \/>\n<link rel=\"canonical\" href=\"https:\/\/myinspire.ch\/?page_id=208\" \/>\n<meta property=\"og:locale\" content=\"de_DE\" \/>\n<meta property=\"og:type\" content=\"article\" \/>\n<meta property=\"og:title\" content=\"Die R\u00fcckkehr - myinspire.ch\" \/>\n<meta property=\"og:url\" content=\"https:\/\/myinspire.ch\/?page_id=208\" \/>\n<meta property=\"og:site_name\" content=\"myinspire.ch\" \/>\n<meta property=\"article:modified_time\" content=\"2025-03-24T16:17:12+00:00\" \/>\n<meta property=\"og:image\" content=\"https:\/\/myinspire.ch\/wp-content\/uploads\/2025\/03\/Hope-scaled.jpg\" \/>\n\t<meta property=\"og:image:width\" content=\"2560\" \/>\n\t<meta property=\"og:image:height\" content=\"2560\" \/>\n\t<meta property=\"og:image:type\" content=\"image\/jpeg\" \/>\n<meta name=\"twitter:card\" content=\"summary_large_image\" \/>\n<meta name=\"twitter:label1\" content=\"Gesch\u00e4tzte Lesezeit\" \/>\n\t<meta name=\"twitter:data1\" content=\"3\u00a0Minuten\" \/>\n<script type=\"application\/ld+json\" class=\"yoast-schema-graph\">{\"@context\":\"https:\/\/schema.org\",\"@graph\":[{\"@type\":\"WebPage\",\"@id\":\"https:\/\/myinspire.ch\/?page_id=208\",\"url\":\"https:\/\/myinspire.ch\/?page_id=208\",\"name\":\"Die R\u00fcckkehr - myinspire.ch\",\"isPartOf\":{\"@id\":\"https:\/\/myinspire.ch\/#website\"},\"primaryImageOfPage\":{\"@id\":\"https:\/\/myinspire.ch\/?page_id=208#primaryimage\"},\"image\":{\"@id\":\"https:\/\/myinspire.ch\/?page_id=208#primaryimage\"},\"thumbnailUrl\":\"https:\/\/myinspire.ch\/wp-content\/uploads\/2025\/03\/Hope-1024x1024.jpg\",\"datePublished\":\"2025-03-24T15:04:23+00:00\",\"dateModified\":\"2025-03-24T16:17:12+00:00\",\"description\":\"Diese Story erz\u00e4hlt von Hoffnung, Tiefe und der radikalen R\u00fcckkehr zu sich selbst. F\u00fcr alle, die schon mal fast untergegangen sind \u2013 und trotzdem wieder aufgestanden sind. Echt, roh, kraftvoll.\",\"breadcrumb\":{\"@id\":\"https:\/\/myinspire.ch\/?page_id=208#breadcrumb\"},\"inLanguage\":\"de\",\"potentialAction\":[{\"@type\":\"ReadAction\",\"target\":[\"https:\/\/myinspire.ch\/?page_id=208\"]}]},{\"@type\":\"ImageObject\",\"inLanguage\":\"de\",\"@id\":\"https:\/\/myinspire.ch\/?page_id=208#primaryimage\",\"url\":\"https:\/\/myinspire.ch\/wp-content\/uploads\/2025\/03\/Hope-scaled.jpg\",\"contentUrl\":\"https:\/\/myinspire.ch\/wp-content\/uploads\/2025\/03\/Hope-scaled.jpg\",\"width\":2560,\"height\":2560},{\"@type\":\"BreadcrumbList\",\"@id\":\"https:\/\/myinspire.ch\/?page_id=208#breadcrumb\",\"itemListElement\":[{\"@type\":\"ListItem\",\"position\":1,\"name\":\"Startseite\",\"item\":\"https:\/\/myinspire.ch\/\"},{\"@type\":\"ListItem\",\"position\":2,\"name\":\"Die R\u00fcckkehr\"}]},{\"@type\":\"WebSite\",\"@id\":\"https:\/\/myinspire.ch\/#website\",\"url\":\"https:\/\/myinspire.ch\/\",\"name\":\"myinspire.ch\",\"description\":\"Inspirierende Kurzgeschichten mit Illustrationen kombiniert\",\"publisher\":{\"@id\":\"https:\/\/myinspire.ch\/#organization\"},\"potentialAction\":[{\"@type\":\"SearchAction\",\"target\":{\"@type\":\"EntryPoint\",\"urlTemplate\":\"https:\/\/myinspire.ch\/?s={search_term_string}\"},\"query-input\":{\"@type\":\"PropertyValueSpecification\",\"valueRequired\":true,\"valueName\":\"search_term_string\"}}],\"inLanguage\":\"de\"},{\"@type\":\"Organization\",\"@id\":\"https:\/\/myinspire.ch\/#organization\",\"name\":\"myinspire.ch\",\"url\":\"https:\/\/myinspire.ch\/\",\"logo\":{\"@type\":\"ImageObject\",\"inLanguage\":\"de\",\"@id\":\"https:\/\/myinspire.ch\/#\/schema\/logo\/image\/\",\"url\":\"https:\/\/myinspire.ch\/wp-content\/uploads\/2025\/01\/myinspire.ch_-1.png\",\"contentUrl\":\"https:\/\/myinspire.ch\/wp-content\/uploads\/2025\/01\/myinspire.ch_-1.png\",\"width\":825,\"height\":825,\"caption\":\"myinspire.ch\"},\"image\":{\"@id\":\"https:\/\/myinspire.ch\/#\/schema\/logo\/image\/\"}}]}<\/script>\n<!-- \/ Yoast SEO plugin. -->","yoast_head_json":{"title":"Die R\u00fcckkehr - myinspire.ch","description":"Diese Story erz\u00e4hlt von Hoffnung, Tiefe und der radikalen R\u00fcckkehr zu sich selbst. F\u00fcr alle, die schon mal fast untergegangen sind \u2013 und trotzdem wieder aufgestanden sind. Echt, roh, kraftvoll.","robots":{"index":"index","follow":"follow","max-snippet":"max-snippet:-1","max-image-preview":"max-image-preview:large","max-video-preview":"max-video-preview:-1"},"canonical":"https:\/\/myinspire.ch\/?page_id=208","og_locale":"de_DE","og_type":"article","og_title":"Die R\u00fcckkehr - myinspire.ch","og_url":"https:\/\/myinspire.ch\/?page_id=208","og_site_name":"myinspire.ch","article_modified_time":"2025-03-24T16:17:12+00:00","og_image":[{"width":2560,"height":2560,"url":"https:\/\/myinspire.ch\/wp-content\/uploads\/2025\/03\/Hope-scaled.jpg","type":"image\/jpeg"}],"twitter_card":"summary_large_image","twitter_misc":{"Gesch\u00e4tzte Lesezeit":"3\u00a0Minuten"},"schema":{"@context":"https:\/\/schema.org","@graph":[{"@type":"WebPage","@id":"https:\/\/myinspire.ch\/?page_id=208","url":"https:\/\/myinspire.ch\/?page_id=208","name":"Die R\u00fcckkehr - myinspire.ch","isPartOf":{"@id":"https:\/\/myinspire.ch\/#website"},"primaryImageOfPage":{"@id":"https:\/\/myinspire.ch\/?page_id=208#primaryimage"},"image":{"@id":"https:\/\/myinspire.ch\/?page_id=208#primaryimage"},"thumbnailUrl":"https:\/\/myinspire.ch\/wp-content\/uploads\/2025\/03\/Hope-1024x1024.jpg","datePublished":"2025-03-24T15:04:23+00:00","dateModified":"2025-03-24T16:17:12+00:00","description":"Diese Story erz\u00e4hlt von Hoffnung, Tiefe und der radikalen R\u00fcckkehr zu sich selbst. F\u00fcr alle, die schon mal fast untergegangen sind \u2013 und trotzdem wieder aufgestanden sind. Echt, roh, kraftvoll.","breadcrumb":{"@id":"https:\/\/myinspire.ch\/?page_id=208#breadcrumb"},"inLanguage":"de","potentialAction":[{"@type":"ReadAction","target":["https:\/\/myinspire.ch\/?page_id=208"]}]},{"@type":"ImageObject","inLanguage":"de","@id":"https:\/\/myinspire.ch\/?page_id=208#primaryimage","url":"https:\/\/myinspire.ch\/wp-content\/uploads\/2025\/03\/Hope-scaled.jpg","contentUrl":"https:\/\/myinspire.ch\/wp-content\/uploads\/2025\/03\/Hope-scaled.jpg","width":2560,"height":2560},{"@type":"BreadcrumbList","@id":"https:\/\/myinspire.ch\/?page_id=208#breadcrumb","itemListElement":[{"@type":"ListItem","position":1,"name":"Startseite","item":"https:\/\/myinspire.ch\/"},{"@type":"ListItem","position":2,"name":"Die R\u00fcckkehr"}]},{"@type":"WebSite","@id":"https:\/\/myinspire.ch\/#website","url":"https:\/\/myinspire.ch\/","name":"myinspire.ch","description":"Inspirierende Kurzgeschichten mit Illustrationen kombiniert","publisher":{"@id":"https:\/\/myinspire.ch\/#organization"},"potentialAction":[{"@type":"SearchAction","target":{"@type":"EntryPoint","urlTemplate":"https:\/\/myinspire.ch\/?s={search_term_string}"},"query-input":{"@type":"PropertyValueSpecification","valueRequired":true,"valueName":"search_term_string"}}],"inLanguage":"de"},{"@type":"Organization","@id":"https:\/\/myinspire.ch\/#organization","name":"myinspire.ch","url":"https:\/\/myinspire.ch\/","logo":{"@type":"ImageObject","inLanguage":"de","@id":"https:\/\/myinspire.ch\/#\/schema\/logo\/image\/","url":"https:\/\/myinspire.ch\/wp-content\/uploads\/2025\/01\/myinspire.ch_-1.png","contentUrl":"https:\/\/myinspire.ch\/wp-content\/uploads\/2025\/01\/myinspire.ch_-1.png","width":825,"height":825,"caption":"myinspire.ch"},"image":{"@id":"https:\/\/myinspire.ch\/#\/schema\/logo\/image\/"}}]}},"_links":{"self":[{"href":"https:\/\/myinspire.ch\/index.php?rest_route=\/wp\/v2\/pages\/208","targetHints":{"allow":["GET"]}}],"collection":[{"href":"https:\/\/myinspire.ch\/index.php?rest_route=\/wp\/v2\/pages"}],"about":[{"href":"https:\/\/myinspire.ch\/index.php?rest_route=\/wp\/v2\/types\/page"}],"author":[{"embeddable":true,"href":"https:\/\/myinspire.ch\/index.php?rest_route=\/wp\/v2\/users\/1"}],"replies":[{"embeddable":true,"href":"https:\/\/myinspire.ch\/index.php?rest_route=%2Fwp%2Fv2%2Fcomments&post=208"}],"version-history":[{"count":16,"href":"https:\/\/myinspire.ch\/index.php?rest_route=\/wp\/v2\/pages\/208\/revisions"}],"predecessor-version":[{"id":233,"href":"https:\/\/myinspire.ch\/index.php?rest_route=\/wp\/v2\/pages\/208\/revisions\/233"}],"wp:attachment":[{"href":"https:\/\/myinspire.ch\/index.php?rest_route=%2Fwp%2Fv2%2Fmedia&parent=208"}],"curies":[{"name":"wp","href":"https:\/\/api.w.org\/{rel}","templated":true}]}}